{"id":11,"date":"2022-01-18T11:40:31","date_gmt":"2022-01-18T16:40:31","guid":{"rendered":"https:\/\/manuales.usac.edu.gt\/?page_id=11"},"modified":"2026-04-09T20:27:15","modified_gmt":"2026-04-10T01:27:15","slug":"sistema-integrado-de-compras","status":"publish","type":"page","link":"https:\/\/manuales.usac.edu.gt\/index.php\/sistema-integrado-de-compras\/","title":{"rendered":"Sistema Integrado de Compras"},"content":{"rendered":"\n<h2 class=\"wp-block-heading\" id=\"guias\">Gu\u00edas<\/h2>\n\n\n\n<p><a href=\"https:\/\/manuales.usac.edu.gt\/wp-content\/uploads\/2022\/01\/dpd0093.pdf\" target=\"_blank\" rel=\"noreferrer noopener\">Gu\u00eda Pr\u00e1ctica para Unidades Ejecutoras. Registro General de Adquisiciones del Estado -RGAE-.<\/a><\/p>\n\n\n\n<hr class=\"wp-block-separator has-css-opacity\"\/>\n\n\n\n<h2 class=\"wp-block-heading\" id=\"leyes\">Leyes<\/h2>\n\n\n\n<ul class=\"wp-block-list\">\n<li><a href=\"http:\/\/manuales.usac.edu.gt\/wp-content\/uploads\/2019\/11\/resolucion19-2019-Guatecompras.pdf\" target=\"_blank\" rel=\"noreferrer noopener\">Resoluci\u00f3n N\u00famero 19-2019, Normas para el uso del Sistema de<\/a><a href=\"http:\/\/manuales.usac.edu.gt\/wp-content\/uploads\/2019\/11\/resolucion19-2019-Guatecompras.pdf\"> Informaci\u00f3n de Contrataciones y Adquisiciones del Estado &#8211;<\/a><a href=\"https:\/\/manuales.usac.edu.gt\/wp-content\/uploads\/2022\/01\/resolucion19-2019-Guatecompras.pdf\">Guatecompras<\/a><a href=\"http:\/\/manuales.usac.edu.gt\/wp-content\/uploads\/2019\/11\/resolucion19-2019-Guatecompras.pdf\">&#8211;<\/a><\/li>\n\n\n\n<li><a href=\"https:\/\/manuales.usac.edu.gt\/wp-content\/uploads\/2022\/01\/ACUERDO-GUBERNATIVO-172-2017.pdf\" target=\"_blank\" rel=\"noreferrer noopener\">Reformas a la Ley de Contrataciones del Estado -Acuerdo Gubernativo 172-2017<\/a><\/li>\n\n\n\n<li><a href=\"https:\/\/manuales.usac.edu.gt\/wp-content\/uploads\/2022\/01\/1199-2017.pdf\" target=\"_blank\" rel=\"noreferrer noopener\">Modificaciones a la Norma 8.1. Modificaci\u00f3n Monto Fondo Fijo (Acuerdo Rector\u00eda 1199-2017)<\/a><\/li>\n\n\n\n<li><a href=\"https:\/\/manuales.usac.edu.gt\/wp-content\/uploads\/2022\/01\/Acuerdo-Direccion-DGF-038-2019-SIC.pdf\" target=\"_blank\" rel=\"noreferrer noopener\">Modificaciones al Sistema Integrado de Compras (Acuerdo Direcci\u00f3n DGF-038D-2019)<\/a><\/li>\n<\/ul>\n\n\n\n<hr class=\"wp-block-separator has-css-opacity\"\/>\n\n\n\n<h2 class=\"wp-block-heading\" id=\"modelos-de-minuta-de-contrato-acta-administrativa-y-terminos-de-referencia\"><strong>Modelos de minuta de contrato, acta administrativa y t\u00e9rminos de referencia<\/strong><\/h2>\n\n\n\n<ul class=\"wp-block-list\">\n<li><a href=\"https:\/\/manuales.usac.edu.gt\/wp-content\/uploads\/2024\/11\/CONTRATO1_07_11_24.docx\" target=\"_blank\" rel=\"noreferrer noopener\">Modelo de minuta de contrato subgrupo 18 (Actualizado Noviembre 2024)<\/a><\/li>\n\n\n\n<li><a href=\"https:\/\/manuales.usac.edu.gt\/wp-content\/uploads\/2025\/03\/MODELO-DE-MINUTA-DE-ACTA-DE-NEGOCIACION-MARZO-2025.docx\" target=\"_blank\" rel=\"noreferrer noopener\">Modelo de Minuta de Acta de Negociaci\u00f3n (Actualizado Marzo de 2025)<\/a><\/li>\n\n\n\n<li><a rel=\"noreferrer noopener\" href=\"https:\/\/manuales.usac.edu.gt\/wp-content\/uploads\/2022\/02\/Modelo-Acta-Negociacion-Baja-Cuantia.docx\" target=\"_blank\">Modelo de Minuta de Acta de Negociaci\u00f3n &#8211; Baja cuant\u00eda<\/a><\/li>\n\n\n\n<li><a href=\"https:\/\/manuales.usac.edu.gt\/wp-content\/uploads\/2024\/02\/Modelo-Contrato-de-Arrendamiento-febrero-2024.docx\" target=\"_blank\" rel=\"noreferrer noopener\">Modelo de Contrato de Arrendamiento (Febrero 2024)<\/a><\/li>\n\n\n\n<li><a rel=\"noreferrer noopener\" href=\"https:\/\/manuales.usac.edu.gt\/wp-content\/uploads\/2022\/02\/Modelo-de-Terminos-de-Referencia-SIC-agosto-2021.docx\" target=\"_blank\">Modelo de T\u00e9rminos de Referencia<\/a><\/li>\n\n\n\n<li><a href=\"https:\/\/manuales.usac.edu.gt\/wp-content\/uploads\/2022\/03\/Ejemplo-de-Acta-de-Calificaci\u00f3n-y-Adjudicaci\u00f3n-SIC-marzo-2022.docx\">Ejemplo de Acta de Calificaci\u00f3n y Adjudicaci\u00f3n SIC (Marzo 2022)<\/a><\/li>\n\n\n\n<li><a href=\"https:\/\/manuales.usac.edu.gt\/wp-content\/uploads\/2024\/02\/MINUTA-CONTRATO-029-PEQUEN\u0303O-CONTRIBUYENTE.docx\" target=\"_blank\" rel=\"noreferrer noopener\">Modelo de Minuta de Contrato 029 &#8211; Peque\u00f1o contribuyente (Febrero 2024)<\/a><\/li>\n\n\n\n<li><a href=\"https:\/\/manuales.usac.edu.gt\/wp-content\/uploads\/2024\/02\/MINUTA-CONTRATO-029-CONTRIBUYENTE-NORMAL.docx\" target=\"_blank\" rel=\"noreferrer noopener\">Modelo de Minuta de Contrato 029 &#8211; Contribuyente normal (Febrero 2024)<\/a><\/li>\n<\/ul>\n\n\n\n<hr class=\"wp-block-separator has-css-opacity\"\/>\n\n\n\n<h2 class=\"wp-block-heading\" id=\"manuales-de-procedimientos-modulos\"><strong>Manuales de Procedimientos (M\u00f3dulos)<\/strong><\/h2>\n\n\n\n<ul class=\"wp-block-list\">\n<li><a href=\"https:\/\/manuales.usac.edu.gt\/wp-content\/uploads\/2026\/04\/Actualizacion-modulo-I-adicionando-norma-general-fianza-o-seguro-de-caucion-y-certificacion-de-autenticidad.pdf\" target=\"_blank\" rel=\"noreferrer noopener\">M\u00f3dulo I. Compra Directa (Actualizado Marzo 2026)<\/a><\/li>\n\n\n\n<li><a href=\"https:\/\/manuales.usac.edu.gt\/wp-content\/uploads\/2026\/04\/Actualizacion-modulo-II-adicion-a-norma-general-de-fianza-o-seguro-de-caucion-y-certificacion-de-la-autenticidad.pdf\" target=\"_blank\" rel=\"noreferrer noopener\">M\u00f3dulo II.&nbsp; Compras por el R\u00e9gimen de Cotizaci\u00f3n (Actualizado Marzo 2026)<\/a><\/li>\n\n\n\n<li><a href=\"https:\/\/manuales.usac.edu.gt\/wp-content\/uploads\/2026\/04\/Actualizacion-modulo-III-adicion-a-norma-general-fianza-o-seguro-de-caucion-y-certificacion-de-la-autenticidad.pdf\" target=\"_blank\" rel=\"noreferrer noopener\">MODULO III PROCEDIMIENTO COMPRAS POR EL \u201cREGIMEN DE LICITACI\u00d3N\u201d (Actualizado Marzo 2026)<\/a><\/li>\n\n\n\n<li><a href=\"https:\/\/manuales.usac.edu.gt\/wp-content\/uploads\/2026\/04\/Actualizacion-modulo-IV-adicion-a-norma-general-fianza-o-seguro-de-caucion-y-certificado-de-autenticidad.pdf\" target=\"_blank\" rel=\"noreferrer noopener\">M\u00f3dulo IV. Procedimiento de Construcci\u00f3n de Obras (Actualizado Marzo 2026)<\/a><\/li>\n\n\n\n<li><a href=\"https:\/\/manuales.usac.edu.gt\/wp-content\/uploads\/2026\/04\/Actualizacion-modulo-V-adicion-norma-general-fianza-o-seguro-de-caucion-y-certificacion-de-autenticidad.pdf\" target=\"_blank\" rel=\"noreferrer noopener\">M\u00f3dulo V. Subasta Electr\u00f3nica Inversa (Actualizado Marzo 2026)<\/a><\/li>\n\n\n\n<li><a href=\"https:\/\/manuales.usac.edu.gt\/wp-content\/uploads\/2026\/04\/Actualizacion-modulo-VI-adicion-norma-general-fianza-o-seguro-de-caucion-y-certificacion-de-autenticidad.pdf\" target=\"_blank\" rel=\"noreferrer noopener\">M\u00f3dulo VI. COMPRAS CON MONEDA EXTRANJERA (Actualizado Marzo 2026)<\/a><\/li>\n\n\n\n<li><a href=\"https:\/\/manuales.usac.edu.gt\/wp-content\/uploads\/2026\/04\/PROCEDIMIENTO-DE-COMPRA-PAGO-Y-LIQUIDACION-DE-SERVICIOS-BASICOS-DE-CONSUMO-NO-VARIABLE-POR-CASOS-DE-EXCEPCION-con-modificaciones-de-secretaria-general.pdf\">M\u00f3dulo VII. Compras por Modalidades Especiales 1. Procedimiento de Compra, Pago y Liquidaci\u00f3n de Servicios B\u00e1sicos de Consumo No Variable por Casos de Excepci\u00f3n (Actualizado Marzo 2026)<\/a><\/li>\n\n\n\n<li><a href=\"https:\/\/manuales.usac.edu.gt\/wp-content\/uploads\/2026\/04\/Proc_029_Apb_Rect_25_05_y_act1_DGF_25_07_2022_act2_24_10_24_Act3-11_2025C.pdf\" target=\"_blank\" rel=\"noreferrer noopener\">Procedimiento para la \u201cContrataci\u00f3n de Servicios T\u00e9cnicos y Profesionales\u201d con cargo al rengl\u00f3n presupuestario 029 (Actualizado Noviembre de 2025)<\/a><\/li>\n\n\n\n<li><a href=\"https:\/\/manuales.usac.edu.gt\/wp-content\/uploads\/2024\/10\/Aprobado-PROCED_sub_grupo_18-24-10_2024.pdf\" target=\"_blank\" rel=\"noreferrer noopener\">Procedimiento para la \u201cContrataci\u00f3n de Servicios T\u00e9cnicos y Profesionales\u201d con cargo al Subgrupo Presupuestario 18<\/a><\/li>\n\n\n\n<li><a rel=\"noreferrer noopener\" href=\"https:\/\/manuales.usac.edu.gt\/wp-content\/uploads\/2022\/01\/Reglamento-Viaticos.pdf\" target=\"_blank\">Reglamento de Vi\u00e1ticos<\/a><\/li>\n\n\n\n<li><a rel=\"noreferrer noopener\" href=\"https:\/\/manuales.usac.edu.gt\/wp-content\/uploads\/2022\/01\/Manual-Viaticos.pdf\" target=\"_blank\">Manual de Vi\u00e1ticos<\/a><\/li>\n<\/ul>\n\n\n\n<hr class=\"wp-block-separator has-css-opacity\"\/>\n\n\n\n<h2 class=\"wp-block-heading\" id=\"manuales-sobre-iva-e-isr\"><strong>Manuales sobre IVA e ISR<\/strong><\/h2>\n\n\n\n<ul class=\"wp-block-list\">\n<li><a href=\"https:\/\/manuales.usac.edu.gt\/wp-content\/uploads\/2025\/03\/Actualizacion-de-guia-para-generacion-uso-y-control-de-exenciones-al-IVA-MEDIANTE-EXENIVA.pdf\" target=\"_blank\" rel=\"noreferrer noopener\">Guia de Exenci\u00f3n de IVA<\/a><\/li>\n\n\n\n<li><a href=\"https:\/\/manuales.usac.edu.gt\/wp-content\/uploads\/2022\/01\/ProcedimientoRentasTrabajo.pdf\" target=\"_blank\" rel=\"noreferrer noopener\">Procedimiento para la \u201cAutomatizaci\u00f3n de la Aplicaci\u00f3n del Impuesto sobre la Renta a los pagos de Vi\u00e1ticos en el Interior, Gastos de Representaci\u00f3n, pagos a Juntas Examinadoras y Bono Incentivo\u201d<\/a><\/li>\n<\/ul>\n\n\n\n<hr class=\"wp-block-separator has-css-opacity\"\/>\n\n\n\n<h2 class=\"wp-block-heading\" id=\"guias-de-cierre\"><strong>Gu\u00edas de Cierre<\/strong><\/h2>\n\n\n\n<ul class=\"wp-block-list\">\n<li><a href=\"https:\/\/manuales.usac.edu.gt\/wp-content\/uploads\/2025\/09\/GUIA-PARA-EL-CIERRE-DE-OPERACIONES-EJERCICIO-FISCAL-2025-UT.pdf\">Gu\u00edas de Cierre 2025<\/a><\/li>\n\n\n\n<li><a href=\"https:\/\/manuales.usac.edu.gt\/wp-content\/uploads\/2024\/09\/GUIAS-DE-CIERRE-EF-2024.pdf\" target=\"_blank\" rel=\"noreferrer noopener\">Gu\u00edas de Cierre 2024<\/a><\/li>\n\n\n\n<li><a href=\"https:\/\/manuales.usac.edu.gt\/wp-content\/uploads\/2023\/10\/Circular-DGF-No.-022D-2023-Guia-para-el-Cierre-De-Operaciones-ejercicio-Fiscal-2023.pdf\" target=\"_blank\" rel=\"noreferrer noopener\">Gu\u00edas de Cierre 2023<\/a><\/li>\n\n\n\n<li><a rel=\"noreferrer noopener\" href=\"https:\/\/manuales.usac.edu.gt\/wp-content\/uploads\/2022\/09\/Circular-DGF-No.-23D-2022.pdf\" target=\"_blank\">Gu\u00edas de Cierre 2022<\/a><\/li>\n\n\n\n<li><a rel=\"noreferrer noopener\" href=\"https:\/\/manuales.usac.edu.gt\/wp-content\/uploads\/2022\/01\/GUIAS-DE-CIERRE-2020.pdf\" target=\"_blank\">Gu\u00edas de Cierre 2020<\/a><\/li>\n\n\n\n<li><a rel=\"noreferrer noopener\" href=\"https:\/\/manuales.usac.edu.gt\/wp-content\/uploads\/2022\/01\/guiasdecierre2019.pdf\" target=\"_blank\">Gu\u00edas de Cierre 2019<\/a><\/li>\n\n\n\n<li><a rel=\"noreferrer noopener\" href=\"https:\/\/manuales.usac.edu.gt\/wp-content\/uploads\/2022\/01\/CIRCULAR-DGF-No.-18A-2018.pdf\" target=\"_blank\">Guias de Cierre 2018<\/a><\/li>\n\n\n\n<li><a href=\"http:\/\/manuales.usac.edu.gt\/wp-content\/uploads\/2017\/06\/guiasdecierre2017.pdf\">Guias de Cierre <\/a><a rel=\"noreferrer noopener\" href=\"https:\/\/manuales.usac.edu.gt\/wp-content\/uploads\/2022\/01\/guiasdecierre2017.pdf\" target=\"_blank\">2017<\/a><\/li>\n\n\n\n<li><a rel=\"noreferrer noopener\" href=\"https:\/\/manuales.usac.edu.gt\/wp-content\/uploads\/2022\/01\/Guias-de-Cierre-2016.pdf\" target=\"_blank\">Guias de Cierre 2016<\/a><\/li>\n<\/ul>\n\n\n\n<hr class=\"wp-block-separator has-css-opacity\"\/>\n\n\n\n<h2 class=\"wp-block-heading\" id=\"proyecto-de-bases-de-cotizacion-y-bases-de-licitacion\"><strong>Proyecto de Bases de Cotizaci\u00f3n y Bases de Licitaci\u00f3n<\/strong><\/h2>\n\n\n\n<h3 class=\"wp-block-heading\" id=\"cotizacion\"><strong>Cotizaci\u00f3n<\/strong><\/h3>\n\n\n\n<ul class=\"wp-block-list\">\n<li><a href=\"https:\/\/manuales.usac.edu.gt\/wp-content\/uploads\/2024\/02\/Proyecto-de-Bases-de-Cotizacion-Compra-de-bienes-suministros-y-servicios-febrero-2024.docx\" target=\"_blank\" rel=\"noreferrer noopener\">Proyecto de bases de cotizaci\u00f3n \u2013 Compra de bienes, suministros y servicios (Febrero 2024).<\/a><\/li>\n\n\n\n<li><a href=\"https:\/\/manuales.usac.edu.gt\/wp-content\/uploads\/2024\/02\/Proyecto-de-Bases-de-Cotizacion-Vehiculos-FEBRERO-2024.docx\" target=\"_blank\" rel=\"noreferrer noopener\">Proyecto de bases de cotizaci\u00f3n \u2013 Veh\u00edculos (Febrero 2024)<\/a><\/li>\n\n\n\n<li><a href=\"https:\/\/manuales.usac.edu.gt\/wp-content\/uploads\/2024\/02\/Proyecto-de-Bases-de-Cotizacion-Arrendamiento-de-bienes-muebles-vehiculos-maquinaria-y-equipo-febrero-2024.docx\" target=\"_blank\" rel=\"noreferrer noopener\">Proyecto de bases de cotizaci\u00f3n \u2013 Arredamiento de bienes muebles, vehiculos, maquinaria y equipo (Febrero 2024).<\/a><\/li>\n\n\n\n<li><a href=\"https:\/\/manuales.usac.edu.gt\/wp-content\/uploads\/2024\/02\/Proyecto-de-Bases-de-Cotizacion-Grupo-17-FEBRERO-2024.docx\" target=\"_blank\" rel=\"noreferrer noopener\">Proyecto de bases de cotizaci\u00f3n -Grupo 17 (Febrero 2024)<\/a><\/li>\n\n\n\n<li><a href=\"https:\/\/manuales.usac.edu.gt\/wp-content\/uploads\/2024\/02\/Proyecto-de-Bases-de-Cotizacion-Servicio-de-seguridad-FEBRERO-2024-1.doc\" target=\"_blank\" rel=\"noreferrer noopener\">Proyecto de bases de cotizaci\u00f3n \u2013 Servicio de Seguridad (Febrero 2024)<\/a><\/li>\n\n\n\n<li><a href=\"https:\/\/manuales.usac.edu.gt\/wp-content\/uploads\/2024\/02\/PROYECTO-DE-BASES-DE-COTIZACION-DE-OBRAS-FEBRERO-2024.docx\" target=\"_blank\" rel=\"noreferrer noopener\">Proyecto de bases de cotizaci\u00f3n \u2013 Obras (Febrero 2024)<\/a><\/li>\n<\/ul>\n\n\n\n<h3 class=\"wp-block-heading\" id=\"proyecto-de-bases-de-cotizacion-obras-mayo-2019-licitacion\"><strong>Proyecto de Bases de Licitaci\u00f3n \u2013 Obras<\/strong><\/h3>\n\n\n\n<ul class=\"wp-block-list\">\n<li><a href=\"https:\/\/manuales.usac.edu.gt\/wp-content\/uploads\/2025\/08\/PROYECTO-DE-BASES-DE-LICITACION-DE-OBRAS-julio-2025.docx\" target=\"_blank\" rel=\"noreferrer noopener\">Proyecto de bases de licitaci\u00f3n&nbsp;&nbsp; \u2013 Obras (Julio 2025).<\/a><\/li>\n\n\n\n<li><a href=\"https:\/\/manuales.usac.edu.gt\/wp-content\/uploads\/2025\/08\/LISTADO-DE-REQUISITOS-FUNDAMENTALES.docx\">Listado de Requisitos Fundamentales<\/a><\/li>\n<\/ul>\n\n\n\n<hr class=\"wp-block-separator has-css-opacity\"\/>\n\n\n\n<h2 class=\"wp-block-heading\" id=\"formularios\"><strong>Formularios<\/strong><\/h2>\n\n\n\n<ul class=\"wp-block-list\">\n<li><a rel=\"noreferrer noopener\" href=\"https:\/\/manuales.usac.edu.gt\/wp-content\/uploads\/2022\/01\/Ejemplos-Calificacion-Ofertas-Modulo-2-SIC-2020.docx\" target=\"_blank\">Modulo II. Ejemplos de Calificaci\u00f3n de Ofertas<\/a><\/li>\n\n\n\n<li><a rel=\"noreferrer noopener\" href=\"https:\/\/manuales.usac.edu.gt\/wp-content\/uploads\/2022\/03\/Formularios-SIC-Modulo-Cotizacion-febrero-2022.xlsx\" target=\"_blank\">Formularios SIC&nbsp;Modulo&nbsp;Cotizaci\u00f3n&nbsp;Febrero 2022<\/a><\/li>\n\n\n\n<li><a rel=\"noreferrer noopener\" href=\"https:\/\/manuales.usac.edu.gt\/wp-content\/uploads\/2022\/05\/Formularios-SIC-Modulo-IV-Forms-17-al-19-Costruccion-Obras-Aprobados-2021.xlsx\" target=\"_blank\">Formularios SIC Modulo IV &#8211; Construcci\u00f3n de Obras &#8211; Aprobado 2021<\/a><\/li>\n\n\n\n<li><a href=\"https:\/\/manuales.usac.edu.gt\/wp-content\/uploads\/2026\/04\/F-Servicios-Tecnicos-Profesionales-029-julio-2022-act2-24-10-24-Act3-2025-C.docx\" target=\"_blank\" rel=\"noreferrer noopener\">Formularios Servicios T\u00e9cnicos y Profesionales 029 (Noviembre 2025).docx<\/a><\/li>\n\n\n\n<li><a href=\"https:\/\/manuales.usac.edu.gt\/wp-content\/uploads\/2025\/10\/Formularios-SG-18-07-11-2024.docx\">Formularios Servicios T\u00e9cnicos y Profesionales Subgrupo 18&nbsp; (Noviembre 2024) .docx<\/a><\/li>\n\n\n\n<li><a href=\"https:\/\/manuales.usac.edu.gt\/wp-content\/uploads\/2025\/10\/Formularios-Servicios-Tecnicos-y-Profesionales-SG018-08-11-24.xlsx\">Formularios Servicios T\u00e9cnicos y Profesionales &nbsp;Subgrupo 18&nbsp;(Noviembre 2024) .xlsx<\/a><\/li>\n<\/ul>\n\n\n\n<p><\/p>\n","protected":false},"excerpt":{"rendered":"<p>Gu\u00edas Gu\u00eda Pr\u00e1ctica para Unidades Ejecutoras. Registro General de Adquisiciones del Estado -RGAE-. Leyes Modelos de minuta de contrato, acta administrativa y t\u00e9rminos de referencia Manuales de Procedimientos (M\u00f3dulos) Manuales sobre IVA e ISR Gu\u00edas de Cierre Proyecto de Bases de Cotizaci\u00f3n y Bases de Licitaci\u00f3n Cotizaci\u00f3n Proyecto de Bases de Licitaci\u00f3n \u2013 Obras Formularios<\/p>\n","protected":false},"author":1,"featured_media":550,"parent":0,"menu_order":0,"comment_status":"closed","ping_status":"closed","template":"","meta":{"iawp_total_views":4296,"footnotes":""},"class_list":["post-11","page","type-page","status-publish","has-post-thumbnail","czr-hentry"],"_links":{"self":[{"href":"https:\/\/manuales.usac.edu.gt\/index.php\/wp-json\/wp\/v2\/pages\/11","targetHints":{"allow":["GET"]}}],"collection":[{"href":"https:\/\/manuales.usac.edu.gt\/index.php\/wp-json\/wp\/v2\/pages"}],"about":[{"href":"https:\/\/manuales.usac.edu.gt\/index.php\/wp-json\/wp\/v2\/types\/page"}],"author":[{"embeddable":true,"href":"https:\/\/manuales.usac.edu.gt\/index.php\/wp-json\/wp\/v2\/users\/1"}],"replies":[{"embeddable":true,"href":"https:\/\/manuales.usac.edu.gt\/index.php\/wp-json\/wp\/v2\/comments?post=11"}],"version-history":[{"count":102,"href":"https:\/\/manuales.usac.edu.gt\/index.php\/wp-json\/wp\/v2\/pages\/11\/revisions"}],"predecessor-version":[{"id":610,"href":"https:\/\/manuales.usac.edu.gt\/index.php\/wp-json\/wp\/v2\/pages\/11\/revisions\/610"}],"wp:featuredmedia":[{"embeddable":true,"href":"https:\/\/manuales.usac.edu.gt\/index.php\/wp-json\/wp\/v2\/media\/550"}],"wp:attachment":[{"href":"https:\/\/manuales.usac.edu.gt\/index.php\/wp-json\/wp\/v2\/media?parent=11"}],"curies":[{"name":"wp","href":"https:\/\/api.w.org\/{rel}","templated":true}]}}