{"id":13,"date":"2022-01-18T11:40:56","date_gmt":"2022-01-18T16:40:56","guid":{"rendered":"https:\/\/manuales.usac.edu.gt\/?page_id=13"},"modified":"2025-09-16T14:20:06","modified_gmt":"2025-09-16T19:20:06","slug":"sistema-integrado-de-salarios","status":"publish","type":"page","link":"https:\/\/manuales.usac.edu.gt\/index.php\/sistema-integrado-de-salarios\/","title":{"rendered":"Sistema Integrado de Salarios"},"content":{"rendered":"\n<h2 class=\"wp-block-heading\" id=\"procedimientos\"><strong>Procedimientos<\/strong><\/h2>\n\n\n\n<ul class=\"wp-block-list\">\n<li><a rel=\"noreferrer noopener\" href=\"https:\/\/manuales.usac.edu.gt\/wp-content\/uploads\/2022\/01\/MODULO-II-ACT-nov-2021-Mod-II-SIS-03-FINAL-APROBADO-Acuerdo-914.pdf\" target=\"_blank\">Tiempo Extraordinario<\/a><\/li>\n\n\n\n<li><a rel=\"noreferrer noopener\" href=\"https:\/\/manuales.usac.edu.gt\/wp-content\/uploads\/2022\/01\/PROCED.-ACREDITAMIENTO-CUENTA-BANCARIA-2019-autorizado1.pdf\" target=\"_blank\">Procedimiento de validaci\u00f3n y aceptaci\u00f3n de acreditamiento a cuenta bancaria y modificaci\u00f3n en la forma de pago.<\/a><\/li>\n\n\n\n<li><a href=\"https:\/\/manuales.usac.edu.gt\/wp-content\/uploads\/2022\/01\/SUELDOS-AR.-223-2020-modif.-AR.-1149-2020-acreditamiento-a-cheque1.pdf\">Acuerdo de Rector\u00eda N\u00b0 0223-2020 para Autorizar la Ampliaci\u00f3n del Acuerdo de Rector\u00eda 1149-2019<\/a><\/li>\n\n\n\n<li><a href=\"https:\/\/manuales.usac.edu.gt\/wp-content\/uploads\/2023\/09\/PROCEDIMIENTO-PAGO-JUNTAS-EXAMINADORAS-2023-FINAL-APROBADO.pdf\" target=\"_blank\" rel=\"noreferrer noopener\">PROCEDIMIENTO PARA TR\u00c1MITE DE PAGO A JUNTAS EXAMINADORAS DE PERSONAL DE LA UNIVERSIDAD DE SAN CARLOS DE GUATEMALA &#8211; Acuerdo de Rector\u00eda No. 0477-2023 &#8211; Septiembre de 2023<\/a><\/li>\n\n\n\n<li><a href=\"https:\/\/manuales.usac.edu.gt\/wp-content\/uploads\/2024\/01\/Act.-subsidios-IGSS-NOV-2023-FINAL-APROBADO.pdf\">ACTUALIZACI\u00d3N DEL PROCEDIMIENTO TR\u00c1MITE, REGISTRO Y CONTROL DE PAGOS AL PERSONAL SUSPENDIDO O JUBILADO POR EL IGSS (Noviembre 2023)<\/a><\/li>\n<\/ul>\n\n\n\n<h3 class=\"wp-block-heading\"><strong>Procedimiento para tr\u00e1mite de pago de reinstalaciones por orden judicial derivado de conflictos laborales<\/strong><\/h3>\n\n\n\n<ul class=\"wp-block-list\">\n<li><a rel=\"noreferrer noopener\" href=\"https:\/\/manuales.usac.edu.gt\/wp-content\/uploads\/2023\/06\/PROCED1.pdf\" target=\"_blank\">PROCEDIMIENTO PARA TR\u00c1MITE DE PAGO DE REINSTALACIONES POR ORDEN JUDICIAL DERIVADO DE CONFLICTOS LABORALES<\/a><\/li>\n\n\n\n<li><a href=\"https:\/\/manuales.usac.edu.gt\/wp-content\/uploads\/2023\/06\/GUIATR1.pdf\" target=\"_blank\" rel=\"noreferrer noopener\">GU\u00cdA PARA TR\u00c1MITE DE OTROS PAGOS POR ORDEN JUDICIAL DERIVADO DE CONFLICTOS LABORALES<\/a><\/li>\n\n\n\n<li><a rel=\"noreferrer noopener\" href=\"https:\/\/manuales.usac.edu.gt\/wp-content\/uploads\/2023\/06\/FORMSI1.xls\" target=\"_blank\">PAGOS POR ORDEN JUDICIAL DERIVADO DE CONFLICTOS LABORALES &#8211; Form. SIS-32<\/a><\/li>\n<\/ul>\n\n\n\n<hr class=\"wp-block-separator has-css-opacity\"\/>\n\n\n\n<h2 class=\"wp-block-heading\" id=\"modulos\"><strong>M\u00f3dulos<\/strong><\/h2>\n\n\n\n<ul class=\"wp-block-list\">\n<li><a rel=\"noreferrer noopener\" href=\"https:\/\/manuales.usac.edu.gt\/wp-content\/uploads\/2022\/01\/manualesModuloIProcedimientosPresupuestacionServiciosPersonales.pdf\" target=\"_blank\">M\u00f3dulo I Procedimientos Presupuestaci\u00f3n Servicios Personales<\/a><\/li>\n\n\n\n<li><a href=\"https:\/\/manuales.usac.edu.gt\/wp-content\/uploads\/2022\/02\/MODULO-II-ACT-nov-2021-Mod-II-SIS-03-FINAL-APROBADO-Acuerdo-914.pdf\">M\u00d3DULO II NOMBRAMIENTOS HISTORIAL LABORAL Actualizado Nov. 2021<\/a><\/li>\n\n\n\n<li><a href=\"https:\/\/manuales.usac.edu.gt\/wp-content\/uploads\/2022\/02\/Modulo-III-Actualizacio\u0301n-Sistema-Integrado-de-Salarios-2015-aprobado.pdf\">M\u00f3dulo III. Revisi\u00f3n, emisi\u00f3n y pago de sueldos<\/a><\/li>\n<\/ul>\n\n\n\n<hr class=\"wp-block-separator has-css-opacity\"\/>\n\n\n\n<h2 class=\"wp-block-heading\" id=\"formularios-sis\"><strong>Formularios SIS<\/strong><\/h2>\n\n\n\n<ul class=\"wp-block-list\">\n<li><a rel=\"noreferrer noopener\" href=\"https:\/\/manuales.usac.edu.gt\/wp-content\/uploads\/2022\/01\/manualesSIS01datospersonales.xls\" target=\"_blank\">Formulario SIS 01. Datos Personales<\/a><\/li>\n\n\n\n<li><a rel=\"noreferrer noopener\" href=\"https:\/\/manuales.usac.edu.gt\/wp-content\/uploads\/2022\/01\/manualessis03nombramientoocontrato.xls\" target=\"_blank\">Formulario SIS 03. Nombramiento o Contrato<\/a><\/li>\n\n\n\n<li><a rel=\"noreferrer noopener\" href=\"https:\/\/manuales.usac.edu.gt\/wp-content\/uploads\/2022\/01\/manualesSIS04PAGOSENCOMPLEMENTO.xls\" target=\"_blank\">Formulario SIS 04. Pagos en Complemento<\/a><\/li>\n\n\n\n<li><a rel=\"noreferrer noopener\" href=\"https:\/\/manuales.usac.edu.gt\/wp-content\/uploads\/2022\/01\/manualesSIS05VARIACIONESALANOMINA.xls\" target=\"_blank\">Formulario SIS 05. Variaciones a la N\u00f3mina<\/a><\/li>\n\n\n\n<li><a href=\"https:\/\/manuales.usac.edu.gt\/wp-content\/uploads\/2022\/01\/manualessis06declaracionjuradadecargos.xls\" target=\"_blank\" rel=\"noreferrer noopener\">Formulario SIS 06. Declaraci\u00f3n Jurada de Cargos<\/a><\/li>\n\n\n\n<li><a href=\"https:\/\/manuales.usac.edu.gt\/wp-content\/uploads\/2022\/01\/manualesSIS10reposiciondepago.xls\" target=\"_blank\" rel=\"noreferrer noopener\">Formulario SIS 10. Reposici\u00f3n de Pago<\/a><\/li>\n\n\n\n<li><a href=\"https:\/\/manuales.usac.edu.gt\/wp-content\/uploads\/2022\/01\/manualesSIS13Liquidaciondenomina.xls\" target=\"_blank\" rel=\"noreferrer noopener\">Formulario SIS 13. Liquidaci\u00f3n de N\u00f3mina<\/a><\/li>\n\n\n\n<li><a href=\"https:\/\/manuales.usac.edu.gt\/wp-content\/uploads\/2022\/01\/manualesSIS14AVISODEAUDITORIA.xls\" target=\"_blank\" rel=\"noreferrer noopener\">Formulario SIS 14. Aviso de Auditor\u00eda<\/a><\/li>\n\n\n\n<li><a href=\"https:\/\/manuales.usac.edu.gt\/wp-content\/uploads\/2022\/01\/manualesSIS15subsidioigss.xls\" target=\"_blank\" rel=\"noreferrer noopener\">Formulario SIS 15. Subsidio IGSS<\/a><\/li>\n\n\n\n<li><a href=\"https:\/\/manuales.usac.edu.gt\/wp-content\/uploads\/2022\/01\/manualesSIS18y19CALCULOSHORASEXTRA.xls\" target=\"_blank\" rel=\"noreferrer noopener\">Formulario SIS 18 y 19. Calculo de horas extras<\/a><\/li>\n\n\n\n<li><a href=\"https:\/\/manuales.usac.edu.gt\/wp-content\/uploads\/2022\/01\/manualesSIS21CONSTANCIADEANULACIONDEPAGO.pdf\" target=\"_blank\" rel=\"noreferrer noopener\">Formulario SIS 21. Constancia de Anulaci\u00f3n de Pago<\/a><\/li>\n\n\n\n<li><a href=\"https:\/\/manuales.usac.edu.gt\/wp-content\/uploads\/2022\/01\/manualesSIS22DETALLEDEPAGOSANULADOSYOPERADOS.pdf\" target=\"_blank\" rel=\"noreferrer noopener\">Formulario SIS 22. Detalle de Pagos anulados y operados<\/a><\/li>\n\n\n\n<li><a href=\"https:\/\/manuales.usac.edu.gt\/wp-content\/uploads\/2022\/01\/manualesSIS24informedefinalizaciondenominapordependencia.doc\" target=\"_blank\" rel=\"noreferrer noopener\">Formulario SIS 24. Informe de Finalizaci\u00f3n de N\u00f3mina<\/a><\/li>\n\n\n\n<li><a href=\"https:\/\/manuales.usac.edu.gt\/wp-content\/uploads\/2022\/01\/manualesSIS25solicituddeemisiondenomina.doc\" target=\"_blank\" rel=\"noreferrer noopener\">Formulario SIS 25. Solicitud de emisi\u00f3n de n\u00f3mina<\/a><\/li>\n\n\n\n<li><a href=\"https:\/\/manuales.usac.edu.gt\/wp-content\/uploads\/2022\/01\/manualesSIS26SOLICITUDDEREINTEGRO.xls\" target=\"_blank\" rel=\"noreferrer noopener\">Formulario SIS 26. Solicitud de Reintegro<\/a><\/li>\n\n\n\n<li><a href=\"https:\/\/manuales.usac.edu.gt\/wp-content\/uploads\/2022\/01\/manualessis27requerimientoparapresentaciondedeclaracionjuradapatrimonialprobidad.doc\" target=\"_blank\" rel=\"noreferrer noopener\">Formulario SIS 27. Declaraci\u00f3n Jurada Patrimonial<\/a><\/li>\n<\/ul>\n\n\n\n<p><\/p>\n","protected":false},"excerpt":{"rendered":"<p>Procedimientos Procedimiento para tr\u00e1mite de pago de reinstalaciones por orden judicial derivado de conflictos laborales M\u00f3dulos Formularios SIS<\/p>\n","protected":false},"author":1,"featured_media":551,"parent":0,"menu_order":0,"comment_status":"closed","ping_status":"closed","template":"","meta":{"iawp_total_views":1147,"footnotes":""},"class_list":["post-13","page","type-page","status-publish","has-post-thumbnail","czr-hentry"],"_links":{"self":[{"href":"https:\/\/manuales.usac.edu.gt\/index.php\/wp-json\/wp\/v2\/pages\/13","targetHints":{"allow":["GET"]}}],"collection":[{"href":"https:\/\/manuales.usac.edu.gt\/index.php\/wp-json\/wp\/v2\/pages"}],"about":[{"href":"https:\/\/manuales.usac.edu.gt\/index.php\/wp-json\/wp\/v2\/types\/page"}],"author":[{"embeddable":true,"href":"https:\/\/manuales.usac.edu.gt\/index.php\/wp-json\/wp\/v2\/users\/1"}],"replies":[{"embeddable":true,"href":"https:\/\/manuales.usac.edu.gt\/index.php\/wp-json\/wp\/v2\/comments?post=13"}],"version-history":[{"count":18,"href":"https:\/\/manuales.usac.edu.gt\/index.php\/wp-json\/wp\/v2\/pages\/13\/revisions"}],"predecessor-version":[{"id":433,"href":"https:\/\/manuales.usac.edu.gt\/index.php\/wp-json\/wp\/v2\/pages\/13\/revisions\/433"}],"wp:featuredmedia":[{"embeddable":true,"href":"https:\/\/manuales.usac.edu.gt\/index.php\/wp-json\/wp\/v2\/media\/551"}],"wp:attachment":[{"href":"https:\/\/manuales.usac.edu.gt\/index.php\/wp-json\/wp\/v2\/media?parent=13"}],"curies":[{"name":"wp","href":"https:\/\/api.w.org\/{rel}","templated":true}]}}