{"id":19,"date":"2022-01-18T11:42:43","date_gmt":"2022-01-18T16:42:43","guid":{"rendered":"https:\/\/manuales.usac.edu.gt\/?page_id=19"},"modified":"2025-11-17T10:04:38","modified_gmt":"2025-11-17T15:04:38","slug":"reglamentos-usac","status":"publish","type":"page","link":"https:\/\/manuales.usac.edu.gt\/index.php\/reglamentos-usac\/","title":{"rendered":"Reglamentos USAC"},"content":{"rendered":"\n<h3 class=\"wp-block-heading\" id=\"normas-y-procedimentos\">Normas y Procedimentos<\/h3>\n\n\n\n<ul class=\"wp-block-list\">\n<li><a rel=\"noreferrer noopener\" href=\"https:\/\/manuales.usac.edu.gt\/wp-content\/uploads\/2022\/01\/Act.-Seguros-USAC-aprobado.pdf\" target=\"_blank\">Manual de Normas y Procedimientos para la Administraci\u00f3n de&nbsp;Seguros USAC<\/a><\/li>\n\n\n\n<li><a rel=\"noreferrer noopener\" href=\"https:\/\/manuales.usac.edu.gt\/wp-content\/uploads\/2023\/08\/Actualizacion-Manual-Organizacion-USAC-Aprobado-Julio-2023.pdf\" target=\"_blank\">Manual de Organizaci\u00f3n de la Universidad de San Carlos de Guatemala(Actualizaci\u00f3n julio de 2023)<\/a><\/li>\n\n\n\n<li><a href=\"https:\/\/manuales.usac.edu.gt\/wp-content\/uploads\/2022\/01\/Proced.-Integracion-Retenciones-Efectuadas-a-Trabajadores-por-Concepto-de-ISR.pdf\" target=\"_blank\" rel=\"noreferrer noopener\">Procedimiento de Integraci\u00f3n de Retenciones efectuadas a trabajadores por concepto de ISR&nbsp;<\/a><\/li>\n\n\n\n<li><a href=\"https:\/\/manuales.usac.edu.gt\/wp-content\/uploads\/2024\/07\/MODULO-I-PROCEDIMIENTOS-PARA-EL-REGISTRO-DE-BIENES-MUEBLES-DE-INVENTARIO-Y-BIENES-FUNGIBLES-DE-LA-UNIVERSIDAD-DE-SAN-CARLOS-DE-GUATEMALA.pdf\" target=\"_blank\" rel=\"noreferrer noopener\">MODULO I PROCEDIMIENTOS PARA EL REGISTRO DE BIENES MUEBLES DE INVENTARIO Y BIENES FUNGIBLES DE LA UNIVERSIDAD DE SAN CARLOS DE GUATEMALA<\/a><\/li>\n\n\n\n<li><a href=\"https:\/\/manuales.usac.edu.gt\/wp-content\/uploads\/2025\/11\/Procedimiento_de_Conciliaciones_y_autorizacion._12-11-2025.pdf\">PROCEDIMIENTO PARA LA ELABORACI\u00d3N DE CONCILIACIONES DE LAS CUENTAS BANCARIAS QUE ADMINISTRA EL DEPARTAMENTO DE CAJA DE LA DIRECCI\u00d3N GENERAL FINANCIERA DE LA UNIVERSIDAD DE SAN CARLOS DE GUATEMALA.<\/a><\/li>\n<\/ul>\n\n\n\n<hr class=\"wp-block-separator has-css-opacity\"\/>\n\n\n\n<h3 class=\"wp-block-heading\" id=\"leyes-y-reglamentos\">Leyes y Reglamentos<\/h3>\n\n\n\n<ul class=\"wp-block-list\">\n<li><a href=\"https:\/\/manuales.usac.edu.gt\/wp-content\/uploads\/2022\/10\/LEYES-Y-REGLAMENTOS-FINAL-USAC.pdf\">Leyes y Reglamentos de la Universidad de San Carlos de Guatemala<\/a><\/li>\n\n\n\n<li><a href=\"https:\/\/manuales.usac.edu.gt\/wp-content\/uploads\/2023\/04\/REGLAMENTO-PARA-EL-REGISTRO-USO-CONTROL-Y-BAJA-DE-BIENES-MUEBLES-DE-INVENTARIO-DE-LA-UNIVERSIDAD-DE-SAN-CARLOS-DE-GUATEMALA-.pdf\" target=\"_blank\" rel=\"noreferrer noopener\">Reglamento para el Registro, Uso, Control y Baja de Bienes Muebles de Inventario de la Universidad de San Carlos de Guatemala<\/a><\/li>\n\n\n\n<li><a rel=\"noreferrer noopener\" href=\"https:\/\/manuales.usac.edu.gt\/wp-content\/uploads\/2022\/02\/GUIA-DE-BAJA-DE-BIENES-FINAL-7-DE-SEPTIEMBRE.pdf\" target=\"_blank\">Gu\u00eda para la baja de bienes muebles de inventario de la Universidad de San Carlos de Guatemala, en el m\u00f3dulo de inventario del -SICOIN\/descentralizadas- del Sistema Integrado de Administraci\u00f3n Financiera del Estado -SIAF-<\/a><\/li>\n\n\n\n<li><a rel=\"noreferrer noopener\" href=\"https:\/\/manuales.usac.edu.gt\/wp-content\/uploads\/2022\/01\/Acta-20-2014.pdf\" target=\"_blank\">Reglamento de Vi\u00e1ticos y Gastos Conexos (Ver tambi\u00e9n link inferior)<\/a><\/li>\n\n\n\n<li><a rel=\"noreferrer noopener\" href=\"https:\/\/manuales.usac.edu.gt\/wp-content\/uploads\/2022\/01\/modificacionesviaticos.pdf\" target=\"_blank\">Modificaciones A\u00f1o 2017, Reglamento de Vi\u00e1ticos y Gastos Conexos<\/a><\/li>\n\n\n\n<li><a rel=\"noreferrer noopener\" href=\"https:\/\/manuales.usac.edu.gt\/wp-content\/uploads\/2022\/01\/REGLAMENTO_DEL_SEP_VIGENTE.pdf\" target=\"_blank\">Reglamento Sistema de Estudios de Postgrado<\/a><\/li>\n\n\n\n<li><a rel=\"noreferrer noopener\" href=\"https:\/\/manuales.usac.edu.gt\/wp-content\/uploads\/2022\/01\/manualesREGLAMENTOACTUALPARAELEXAMENTECNICODEPERIODISMOYLOCUCIONPROFESIONAL.pdf\" target=\"_blank\">Reglamento Ex\u00e1men T\u00e9cnico en Periodismo y Locuci\u00f3n Profesional<\/a><\/li>\n\n\n\n<li><a href=\"https:\/\/manuales.usac.edu.gt\/wp-content\/uploads\/2025\/10\/Guia-tramite-otros-pagos-por-orden-judicial-USAC-Aprobada-julio-2025.pdf\">GU\u00cdA PARA TR\u00c1MITE DE OTROS PAGOS POR ORDEN JUDICIAL DERIVADO DE CONFLICTOS LABORALES<\/a><\/li>\n<\/ul>\n\n\n\n<hr class=\"wp-block-separator has-css-opacity\"\/>\n\n\n\n<h3 class=\"wp-block-heading\" id=\"politicas\">Pol\u00edticas<\/h3>\n\n\n\n<ul class=\"wp-block-list\">\n<li><a href=\"https:\/\/manuales.usac.edu.gt\/wp-content\/uploads\/2023\/06\/politica_ambiental_usac_1.pdf\" target=\"_blank\" rel=\"noreferrer noopener\">Pol\u00edtica Ambiental USAC<\/a><\/li>\n<\/ul>\n\n\n\n<hr class=\"wp-block-separator has-css-opacity\"\/>\n\n\n\n<h3 class=\"wp-block-heading\">Ayuda Becaria<\/h3>\n\n\n\n<ul class=\"wp-block-list\">\n<li><a href=\"https:\/\/manuales.usac.edu.gt\/wp-content\/uploads\/2024\/08\/ACT.-GUIA-TEMPORAL-AYUDAS-BECARIAS-ENTREGADA-agosto-2024-APROBADO.pdf\" target=\"_blank\" rel=\"noreferrer noopener\">ACTUALIZACI\u00d3N DE LA GU\u00cdA TEMPORAL \u201cSolicitud, Pago y Liquidaci\u00f3n de Ayudas Becarias a Personal Acad\u00e9mico y Estudiantes\u201d<\/a><\/li>\n\n\n\n<li><a href=\"https:\/\/manuales.usac.edu.gt\/wp-content\/uploads\/2023\/05\/Form-AB-USAC-04-AYUDAS-BECARIAS-2023.pdf\" target=\"_blank\" rel=\"noreferrer noopener\">Formulario AB-USAC-04 \u201cTr\u00e1mite de Fondo para su Pago\u201d<\/a><\/li>\n\n\n\n<li><a href=\"https:\/\/manuales.usac.edu.gt\/wp-content\/uploads\/2024\/08\/Acuerdo-Rectoria-420-2024-ACT-GUIA-TEMPORAL-AYUDAS-BECARIAS.pdf\" target=\"_blank\" rel=\"noreferrer noopener\">Acuerdo Rector\u00eda 420-2024 ACT GUIA TEMPORAL AYUDAS BECARIAS<\/a><\/li>\n<\/ul>\n\n\n\n<h3 class=\"wp-block-heading\">Ayuda Econ\u00f3mica<\/h3>\n\n\n\n<ul class=\"wp-block-list\">\n<li><a href=\"https:\/\/manuales.usac.edu.gt\/wp-content\/uploads\/2023\/06\/ACT.-GUIA-TEMPORAL-AYUDAS-ECONO\u0301MICAS-AGOSTO-2022-APROBADO.pdf\">ACTUALIZACI\u00d3N GU\u00cdA TEMPORAL \u201cSolicitud, Pago y Liquidaci\u00f3n de Ayudas Econ\u00f3micas\u201d<\/a><\/li>\n<\/ul>\n\n\n\n<h3 class=\"wp-block-heading\" id=\"otros-documentos\">Otros documentos<\/h3>\n\n\n\n<ul class=\"wp-block-list\">\n<li><a href=\"https:\/\/ddo.usac.edu.gt\/index.php\/organigrama-usac\/\" target=\"_blank\" rel=\"noreferrer noopener\">Organigrama USAC<\/a><\/li>\n\n\n\n<li><a rel=\"noreferrer noopener\" href=\"https:\/\/manuales.usac.edu.gt\/wp-content\/uploads\/2022\/01\/Circular-No-055-2017-Catalogo-20171.pdf\" target=\"_blank\">Actualizaci\u00f3n del Cat\u00e1logo de Puestos con sus escalas salariales \u2013 2017-<\/a><\/li>\n\n\n\n<li><a rel=\"noreferrer noopener\" href=\"https:\/\/manuales.usac.edu.gt\/wp-content\/uploads\/2022\/01\/Documento-Final-Pacto-Colectivo..pdf\" target=\"_blank\">Pacto Colectivo entre la USAC y sus trabajadores -Actualizaci\u00f3n 2017-<\/a><\/li>\n<\/ul>\n","protected":false},"excerpt":{"rendered":"<p>Normas y Procedimentos Leyes y Reglamentos Pol\u00edticas Ayuda Becaria Ayuda Econ\u00f3mica Otros documentos<\/p>\n","protected":false},"author":1,"featured_media":0,"parent":0,"menu_order":0,"comment_status":"closed","ping_status":"closed","template":"","meta":{"iawp_total_views":2218,"footnotes":""},"class_list":["post-19","page","type-page","status-publish","czr-hentry"],"_links":{"self":[{"href":"https:\/\/manuales.usac.edu.gt\/index.php\/wp-json\/wp\/v2\/pages\/19","targetHints":{"allow":["GET"]}}],"collection":[{"href":"https:\/\/manuales.usac.edu.gt\/index.php\/wp-json\/wp\/v2\/pages"}],"about":[{"href":"https:\/\/manuales.usac.edu.gt\/index.php\/wp-json\/wp\/v2\/types\/page"}],"author":[{"embeddable":true,"href":"https:\/\/manuales.usac.edu.gt\/index.php\/wp-json\/wp\/v2\/users\/1"}],"replies":[{"embeddable":true,"href":"https:\/\/manuales.usac.edu.gt\/index.php\/wp-json\/wp\/v2\/comments?post=19"}],"version-history":[{"count":30,"href":"https:\/\/manuales.usac.edu.gt\/index.php\/wp-json\/wp\/v2\/pages\/19\/revisions"}],"predecessor-version":[{"id":578,"href":"https:\/\/manuales.usac.edu.gt\/index.php\/wp-json\/wp\/v2\/pages\/19\/revisions\/578"}],"wp:attachment":[{"href":"https:\/\/manuales.usac.edu.gt\/index.php\/wp-json\/wp\/v2\/media?parent=19"}],"curies":[{"name":"wp","href":"https:\/\/api.w.org\/{rel}","templated":true}]}}