{"id":502,"date":"2025-03-04T13:52:36","date_gmt":"2025-03-04T18:52:36","guid":{"rendered":"https:\/\/manuales.usac.edu.gt\/?page_id=502"},"modified":"2025-03-04T14:08:21","modified_gmt":"2025-03-04T19:08:21","slug":"manuales-ddo","status":"publish","type":"page","link":"https:\/\/manuales.usac.edu.gt\/index.php\/manuales-ddo\/","title":{"rendered":"Manuales DDO"},"content":{"rendered":"\n<div class=\"wp-block-columns is-layout-flex wp-container-core-columns-is-layout-9d6595d7 wp-block-columns-is-layout-flex\">\n<div class=\"wp-block-column is-layout-flow wp-block-column-is-layout-flow\">\n<p>Como un apoyo a las distintas unidades acad\u00e9micas y administrativas de la Universidad de San Carlos de Guatemala -USAC-; la Divisi\u00f3n de Desarrollo Organizacional -DDO- publica los Manuales de Organizaci\u00f3n y Manuales de Normas y Procedimientos, los cuales pueden ser descargados en formato PDF y contribuir as\u00ed a la Administraci\u00f3n de nuestra Universidad.<\/p>\n\n\n\n<div class=\"wp-block-buttons is-content-justification-left is-layout-flex wp-container-core-buttons-is-layout-fdcfc74e wp-block-buttons-is-layout-flex\">\n<div class=\"wp-block-button has-custom-width wp-block-button__width-100\"><a class=\"wp-block-button__link has-white-color has-text-color has-background has-link-color wp-element-button\" href=\"https:\/\/ddo.usac.edu.gt\" style=\"background-color:#0152ff\" target=\"_blank\" rel=\"noreferrer noopener\">Ir a Sitio Web DDO<\/a><\/div>\n<\/div>\n<\/div>\n\n\n\n<div class=\"wp-block-column is-layout-flow wp-block-column-is-layout-flow\">\n<figure class=\"wp-block-image size-full\"><img loading=\"lazy\" decoding=\"async\" width=\"703\" height=\"970\" src=\"https:\/\/manuales.usac.edu.gt\/wp-content\/uploads\/2025\/03\/manuales-1.png\" alt=\"\" class=\"wp-image-514\" srcset=\"https:\/\/manuales.usac.edu.gt\/wp-content\/uploads\/2025\/03\/manuales-1.png 703w, https:\/\/manuales.usac.edu.gt\/wp-content\/uploads\/2025\/03\/manuales-1-217x300.png 217w\" sizes=\"auto, (max-width: 703px) 100vw, 703px\" \/><\/figure>\n<\/div>\n<\/div>\n","protected":false},"excerpt":{"rendered":"<p>Como un apoyo a las distintas unidades acad\u00e9micas y administrativas de la Universidad de San Carlos de Guatemala -USAC-; la Divisi\u00f3n de Desarrollo Organizacional -DDO- publica los Manuales de Organizaci\u00f3n y Manuales de Normas y Procedimientos, los cuales pueden ser descargados en formato PDF y contribuir as\u00ed a la Administraci\u00f3n de nuestra Universidad.<\/p>\n","protected":false},"author":1,"featured_media":508,"parent":0,"menu_order":0,"comment_status":"closed","ping_status":"closed","template":"","meta":{"iawp_total_views":345,"footnotes":""},"class_list":["post-502","page","type-page","status-publish","has-post-thumbnail","czr-hentry"],"_links":{"self":[{"href":"https:\/\/manuales.usac.edu.gt\/index.php\/wp-json\/wp\/v2\/pages\/502","targetHints":{"allow":["GET"]}}],"collection":[{"href":"https:\/\/manuales.usac.edu.gt\/index.php\/wp-json\/wp\/v2\/pages"}],"about":[{"href":"https:\/\/manuales.usac.edu.gt\/index.php\/wp-json\/wp\/v2\/types\/page"}],"author":[{"embeddable":true,"href":"https:\/\/manuales.usac.edu.gt\/index.php\/wp-json\/wp\/v2\/users\/1"}],"replies":[{"embeddable":true,"href":"https:\/\/manuales.usac.edu.gt\/index.php\/wp-json\/wp\/v2\/comments?post=502"}],"version-history":[{"count":5,"href":"https:\/\/manuales.usac.edu.gt\/index.php\/wp-json\/wp\/v2\/pages\/502\/revisions"}],"predecessor-version":[{"id":516,"href":"https:\/\/manuales.usac.edu.gt\/index.php\/wp-json\/wp\/v2\/pages\/502\/revisions\/516"}],"wp:featuredmedia":[{"embeddable":true,"href":"https:\/\/manuales.usac.edu.gt\/index.php\/wp-json\/wp\/v2\/media\/508"}],"wp:attachment":[{"href":"https:\/\/manuales.usac.edu.gt\/index.php\/wp-json\/wp\/v2\/media?parent=502"}],"curies":[{"name":"wp","href":"https:\/\/api.w.org\/{rel}","templated":true}]}}